{"id":769,"date":"2021-04-14T14:31:03","date_gmt":"2021-04-14T12:31:03","guid":{"rendered":"http:\/\/educaenelfuturo.com\/?page_id=769"},"modified":"2021-04-14T14:32:42","modified_gmt":"2021-04-14T12:32:42","slug":"360o","status":"publish","type":"page","link":"https:\/\/educaenelfuturo.com\/index.php\/360o\/","title":{"rendered":"360\u00ba"},"content":{"rendered":"\n<p>Las m\u00faltiples aplicaciones de los contenidos multimedia en 360\u00ba est\u00e1n en expansi\u00f3n. Gracias a la bajada de costes de adquisici\u00f3n de c\u00e1maras que permiten capturar v\u00eddeo y fotos en 360\u00ba estos recursos buscan un segundo camino, la publicaci\u00f3n. Desde visitas virtuales a tour virtuales por sitios emblem\u00e1ticos o de dif\u00edcil acceso para acercar al p\u00fablico espacios a priori desconocidos.<\/p>\n\n\n\n<figure class=\"wp-block-image size-large\"><img loading=\"lazy\" decoding=\"async\" width=\"1024\" height=\"415\" src=\"http:\/\/educaenelfuturo.com\/wp-content\/uploads\/2021\/04\/360o-formato_Ivan-1024x415.png\" alt=\"\" class=\"wp-image-773\" srcset=\"https:\/\/educaenelfuturo.com\/wp-content\/uploads\/2021\/04\/360o-formato_Ivan-1024x415.png 1024w, https:\/\/educaenelfuturo.com\/wp-content\/uploads\/2021\/04\/360o-formato_Ivan-300x121.png 300w, https:\/\/educaenelfuturo.com\/wp-content\/uploads\/2021\/04\/360o-formato_Ivan-768x311.png 768w, https:\/\/educaenelfuturo.com\/wp-content\/uploads\/2021\/04\/360o-formato_Ivan-1536x622.png 1536w, https:\/\/educaenelfuturo.com\/wp-content\/uploads\/2021\/04\/360o-formato_Ivan-2048x829.png 2048w, https:\/\/educaenelfuturo.com\/wp-content\/uploads\/2021\/04\/360o-formato_Ivan-600x243.png 600w\" sizes=\"auto, (max-width: 1024px) 100vw, 1024px\" \/><figcaption>Imagen 360\u00ba fondo marino <\/figcaption><\/figure>\n","protected":false},"excerpt":{"rendered":"<p>Las m\u00faltiples aplicaciones de los contenidos multimedia en 360\u00ba est\u00e1n en expansi\u00f3n. Gracias a la bajada de costes de adquisici\u00f3n de c\u00e1maras que permiten capturar v\u00eddeo y fotos en 360\u00ba estos recursos buscan un segundo camino, la publicaci\u00f3n. Desde visitas virtuales a tour virtuales por sitios emblem\u00e1ticos o de dif\u00edcil acceso para acercar al p\u00fablico <a class=\"more-link\" href=\"https:\/\/educaenelfuturo.com\/index.php\/360o\/\">Leer m\u00e1s &#8230;<\/a><\/p>\n","protected":false},"author":2,"featured_media":773,"parent":0,"menu_order":0,"comment_status":"closed","ping_status":"closed","template":"","meta":{"_exactmetrics_skip_tracking":false,"_exactmetrics_sitenote_active":false,"_exactmetrics_sitenote_note":"","_exactmetrics_sitenote_category":0,"footnotes":""},"class_list":["post-769","page","type-page","status-publish","has-post-thumbnail","hentry"],"aioseo_notices":[],"_links":{"self":[{"href":"https:\/\/educaenelfuturo.com\/index.php\/wp-json\/wp\/v2\/pages\/769","targetHints":{"allow":["GET"]}}],"collection":[{"href":"https:\/\/educaenelfuturo.com\/index.php\/wp-json\/wp\/v2\/pages"}],"about":[{"href":"https:\/\/educaenelfuturo.com\/index.php\/wp-json\/wp\/v2\/types\/page"}],"author":[{"embeddable":true,"href":"https:\/\/educaenelfuturo.com\/index.php\/wp-json\/wp\/v2\/users\/2"}],"replies":[{"embeddable":true,"href":"https:\/\/educaenelfuturo.com\/index.php\/wp-json\/wp\/v2\/comments?post=769"}],"version-history":[{"count":2,"href":"https:\/\/educaenelfuturo.com\/index.php\/wp-json\/wp\/v2\/pages\/769\/revisions"}],"predecessor-version":[{"id":775,"href":"https:\/\/educaenelfuturo.com\/index.php\/wp-json\/wp\/v2\/pages\/769\/revisions\/775"}],"wp:featuredmedia":[{"embeddable":true,"href":"https:\/\/educaenelfuturo.com\/index.php\/wp-json\/wp\/v2\/media\/773"}],"wp:attachment":[{"href":"https:\/\/educaenelfuturo.com\/index.php\/wp-json\/wp\/v2\/media?parent=769"}],"curies":[{"name":"wp","href":"https:\/\/api.w.org\/{rel}","templated":true}]}}