{"id":58,"date":"2018-12-28T04:08:17","date_gmt":"2018-12-28T03:08:17","guid":{"rendered":"http:\/\/educaenelfuturo.com\/?page_id=58"},"modified":"2024-06-06T14:05:16","modified_gmt":"2024-06-06T12:05:16","slug":"publications","status":"publish","type":"page","link":"https:\/\/educaenelfuturo.com\/index.php\/publications\/","title":{"rendered":"Research Publications"},"content":{"rendered":"\n<p><\/p>\n\n\n\n<p><\/p>\n\n\n\n<p><\/p>\n\n\n\n<p><\/p>\n\n\n\n<p>&#8212;&#8212;&#8212;&#8212;&#8212;&#8212;&#8212;&#8212;&#8212;&#8212;<\/p>\n\n\n\n<h4 class=\"wp-block-heading\"><span class=\"has-inline-color has-vivid-red-color\">16\u00aa)<\/span><strong> <\/strong>Surfeando la ola de la desinformaci\u00f3n y la salud mental con agentes convencionales<\/h4>\n\n\n\n<p>&#8212;&#8212;&#8212;&#8212;&#8212;&#8212;&#8212;&#8212;&#8212;&#8212;<\/p>\n\n\n\n<h4 class=\"wp-block-heading\"><span class=\"has-inline-color has-vivid-red-color\">16\u00aa)<\/span><strong> <\/strong>Surfeando la ola de la desinformaci\u00f3n y la salud mental con agentes convencionales<\/h4>\n\n\n\n<p>Enlace web: <a href=\"https:\/\/www.uvigo.gal\/es\/universidad\/comunicacion\/duvi\/manual-achega-ferramentas-desinformacion-ao-alumnado-secundaria\" target=\"_blank\" rel=\"noopener\" title=\"\">link<\/a><\/p>\n\n\n\n<p>ISBN: 978-84-7074-739-7<\/p>\n\n\n\n<p>ResearchGate: <\/p>\n\n\n\n<p>&#8212;&#8212;&#8212;&#8212;&#8212;&#8212;&#8212;&#8212;&#8212;&#8212;<\/p>\n\n\n\n<h4 class=\"wp-block-heading\"><span class=\"has-inline-color has-vivid-red-color\">15\u00aa)<\/span><strong> <\/strong>Oral vs. Touch Interaction for Cognitive Assessment: Acceptance and Perceived Usability by Senior Adults<\/h4>\n\n\n\n<p><strong><span class=\"has-inline-color has-blue-color\"><a href=\"https:\/\/www.mdpi.com\/journal\/electronics\" target=\"_blank\" rel=\"noopener\" title=\"\">Electronics<\/a><\/span><\/strong><\/p>\n\n\n\n<p><strong><span class=\"has-inline-color has-luminous-vivid-orange-color\">DOI:<\/span><\/strong> <a href=\"https:\/\/doi.org\/10.3390\/electronics13010013\" target=\"_blank\" rel=\"noopener\" title=\"10.3390\/electronics13010013\">https:\/\/doi.org\/10.3390\/electronics13010013<\/a><\/p>\n\n\n\n<p>&#8212;&#8212;&#8212;&#8212;&#8212;&#8212;&#8212;&#8212;&#8212;&#8212;<\/p>\n\n\n\n<h4 class=\"wp-block-heading\"><span class=\"has-inline-color has-vivid-red-color\">14\u00aa)<\/span><strong> <\/strong>Conversational agents for depression screening: A systematic review<\/h4>\n\n\n\n<p><strong><span class=\"has-inline-color has-blue-color\"><a href=\"https:\/\/www.sciencedirect.com\/journal\/international-journal-of-medical-informatics\" target=\"_blank\" rel=\"noopener\" title=\"\">International Journal of Medical Informatics<\/a><\/span><\/strong><\/p>\n\n\n\n<p><strong><span class=\"has-inline-color has-luminous-vivid-orange-color\">DOI:<\/span><\/strong> <a href=\"https:\/\/doi.org\/10.1016\/j.ijmedinf.2023.105272\" target=\"_blank\" rel=\"noopener\" title=\"10.1016\/j.ijmedinf.2023.105272\">10.1016\/j.ijmedinf.2023.105272<\/a> <\/p>\n\n\n\n<p>&#8212;&#8212;&#8212;&#8212;&#8212;&#8212;&#8212;&#8212;&#8212;&#8212;<\/p>\n\n\n\n<h4 class=\"wp-block-heading\"><span class=\"has-inline-color has-vivid-red-color\">13\u00aa)<\/span><strong><strong> <strong>Open and commercial tools to generate a digital interactive story: systematic review and features analysis<\/strong> <\/strong><\/strong> <\/h4>\n\n\n\n<p><a href=\"https:\/\/www.tandfonline.com\/journals\/tham20\" target=\"_blank\" rel=\"noopener\"><strong>NRHM New Review of Hypermedia and Multimedia.<\/strong><\/a><\/p>\n\n\n\n<p><strong><span class=\"has-inline-color has-luminous-vivid-orange-color\">DOI:<\/span><\/strong>     <a href=\"https:\/\/doi.org\/10.1080\/13614568.2023.2175041\" target=\"_blank\" rel=\"noreferrer noopener\">10.1080\/13614568.2023.2175041<\/a><\/p>\n\n\n\n<p><\/p>\n\n\n\n<p>&#8212;&#8212;&#8212;&#8212;&#8212;&#8212;&#8212;&#8212;&#8212;&#8212;<\/p>\n\n\n\n<h4 class=\"wp-block-heading\"><span class=\"has-inline-color has-vivid-red-color\">12\u00aa)<\/span><strong> <strong>Bridging the gap between the new Artificial Inteligence capabilities and the skills of Journalists in Digial Media<\/strong><\/strong><\/h4>\n\n\n\n<p><strong><span class=\"has-inline-color has-vivid-red-color\">ICERI2022<\/span><\/strong> &#8211; Proceedings&nbsp;<strong>2022-11-07 | conference-paper<\/strong><\/p>\n\n\n\n<p><strong><span class=\"has-inline-color has-luminous-vivid-orange-color\">DOI:<\/span><\/strong>  <a href=\"https:\/\/doi.org\/10.21125\/iceri.2022.1723\">10.21125\/iceri.2022.1723<\/a><\/p>\n\n\n\n<p><strong><span class=\"has-inline-color has-vivid-cyan-blue-color\">ISBN:<\/span><\/strong>\u00a0978-84-09-45476-1<\/p>\n\n\n\n<p>&#8212;&#8212;&#8212;&#8212;&#8212;&#8212;&#8212;&#8212;&#8212;&#8212;<\/p>\n\n\n\n<h4 class=\"wp-block-heading\"><span class=\"has-inline-color has-vivid-red-color\">10\u00aa)<\/span><strong> Towards the new educational paradigms in the 5th wave of Artificial Intelligence: A focus on Journalism<\/strong><\/h4>\n\n\n\n<p><strong><span class=\"has-inline-color has-vivid-red-color\">ICERI2022<\/span><\/strong> &#8211; Proceedings&nbsp;<strong>2022-11-07 | conference-paper<\/strong><\/p>\n\n\n\n<p><strong><span class=\"has-inline-color has-luminous-vivid-orange-color\">DOI:<\/span><\/strong>  <a href=\"https:\/\/doi.org\/10.21125\/iceri.2022.1724\">10.21125\/iceri.2022.1724<\/a><\/p>\n\n\n\n<p><strong><span class=\"has-inline-color has-vivid-cyan-blue-color\">ISBN:<\/span><\/strong>\u00a0978-84-09-45476-1<\/p>\n\n\n\n<p>&#8212;&#8212;&#8212;&#8212;&#8212;&#8212;&#8212;&#8212;&#8212;&#8212;<\/p>\n\n\n\n<h4 class=\"wp-block-heading\"><span class=\"has-inline-color has-vivid-red-color\">9\u00aa)<\/span><strong> Methods for Gastrointestinal Endoscopy Quantification: A Focus on Hands and Fingers Kinematics <\/strong><\/h4>\n\n\n\n<p><strong><span class=\"has-inline-color has-vivid-red-color\"><a href=\"https:\/\/www.mdpi.com\/journal\/sensors\" target=\"_blank\" rel=\"noreferrer noopener\">MDPI &#8211; Sensors Journal<\/a><\/span><\/strong><\/p>\n\n\n\n<p>DOI: <a href=\"https:\/\/doi.org\/10.3390\/s22239253\" target=\"_blank\" rel=\"noopener\" title=\"\">https:\/\/doi.org\/10.3390\/s22239253<\/a><\/p>\n\n\n\n<p>&#8212;&#8212;&#8212;&#8212;&#8212;&#8212;&#8212;&#8212;&#8212;&#8212;<\/p>\n\n\n\n<h4 class=\"wp-block-heading\"><span class=\"has-inline-color has-vivid-red-color\">8\u00aa)<\/span><strong> Los cimientos de la Inteligencia Artificial en el sistema productivo de contenidos period\u00edsticos automatizados <\/strong><\/h4>\n\n\n\n<p><strong><span class=\"has-inline-color has-vivid-red-color\"><a href=\"https:\/\/revistas.udc.es\/index.php\/REDMARKA\/article\/view\/redma.2022.26.1.9056\" target=\"_blank\" rel=\"noopener\">RedMARKA<\/a><\/span><\/strong><\/p>\n\n\n\n<p>DOI: <a href=\"https:\/\/doi.org\/10.3390\/s21082667\" target=\"_blank\" rel=\"noreferrer noopener\" title=\"https:\/\/doi.org\/10.3390\/s21082667\">10.3390\/s21082667<\/a><\/p>\n\n\n\n<p><em>Vol. 26 N\u00fam. 1 (2022), Monogr\u00e1fico junio 2022. Interacci\u00f3n del Marketing y la Inteligencia Artificial, p\u00e1ginas 15-35<\/em><\/p>\n\n\n\n<h4 class=\"wp-block-heading\"><strong>More details <a href=\"https:\/\/educaenelfuturo.com\/index.php\/a-systematic-review-of-commercial-smart-gloves-current-status-and-applications\/\" target=\"_blank\" rel=\"noreferrer noopener\">here, New Article about I.A.<\/a><\/strong><\/h4>\n\n\n\n<p>&#8212;&#8212;&#8212;&#8212;&#8212;&#8212;&#8212;&#8212;&#8212;&#8212;<\/p>\n\n\n\n<h4 class=\"wp-block-heading\"><span class=\"has-inline-color has-vivid-red-color\">7\u00aa)<\/span><strong> A Systematic Review of Commercial Smart Gloves: Current Status and Applications <\/strong><\/h4>\n\n\n\n<p><strong><span class=\"has-inline-color has-vivid-red-color\"><a href=\"https:\/\/www.mdpi.com\/journal\/sensors\" target=\"_blank\" rel=\"noreferrer noopener\">MDPI &#8211; Sensors Journal<\/a><\/span><\/strong><\/p>\n\n\n\n<p>DOI: <a href=\"https:\/\/doi.org\/10.3390\/s21082667\" target=\"_blank\" rel=\"noreferrer noopener\" title=\"https:\/\/doi.org\/10.3390\/s21082667\">10.3390\/s21082667<\/a><\/p>\n\n\n\n<p><em>Sensors<\/em><strong>2021<\/strong>,&nbsp;<em>21<\/em>(8), 2667;&nbsp;Received: 4 March 2021 \/ Revised: 2 April 2021 \/ Accepted: 8 April 2021 \/ Published: 10 April 2021<\/p>\n\n\n\n<h4 class=\"wp-block-heading\"><strong>More details <a href=\"http:\/\/educaenelfuturo.com\/index.php\/2022\/08\/30\/new-article-los-cimientos-de-la-inteligencia-artificial-en-el-sistema-productivo-de-contenidos-periodisticos-automatizados\/\" target=\"_blank\" rel=\"noopener\" title=\"\">here, New Article about Smart Gloves<\/a><\/strong><\/h4>\n\n\n\n<p>&#8212;&#8212;&#8212;&#8212;&#8212;&#8212;&#8212;&#8212;&#8212;&#8212;<\/p>\n\n\n\n<h4 class=\"wp-block-heading\"><span class=\"has-inline-color has-vivid-red-color\">6\u00aa)<\/span> LEARNING ANALYTICS IN A NEXT GENERATION DIGITAL LEARNING ENVIRONMENT &#8211; LESSONS LEARNED AND EXPERIENCE FROM SECONDARY EDUCATION TEACHERS<\/h4>\n\n\n\n<p><strong><span class=\"has-inline-color has-vivid-red-color\">EDULEARN2020<\/span><\/strong> &#8211; Proceedings&nbsp;<strong>2020-07-07 | conference-paper<\/strong><\/p>\n\n\n\n<p><strong><span class=\"has-inline-color has-luminous-vivid-orange-color\">DOI:<\/span><\/strong> <a href=\"http:\/\/dx.doi.org\/10.21125\/edulearn.2020.1809\" target=\"_blank\" rel=\"noreferrer noopener\">dx.doi.org\/10.21125\/edulearn.2020.1809<\/a><\/p>\n\n\n\n<p><strong><span class=\"has-inline-color has-vivid-cyan-blue-color\">ISBN:<\/span><\/strong>&nbsp;978-84-09-17979-4<\/p>\n\n\n\n<p><a href=\"https:\/\/twitter.com\/hashtag\/edulearn2020?src=hashtag_click\">#INTED2020<\/a> en Mayorca, Espa\u00f1a, @up2universe , @AtlantTIC_ @uvigo #up2universe, @up2u<\/p>\n\n\n\n<h4 class=\"wp-block-heading\">More details  <a href=\"http:\/\/educaenelfuturo.com\/index.php\/edulearn-2020-learning-analytics\/\">here, Learning Analytics &#8230;<\/a><\/h4>\n\n\n\n<p>&#8212;&#8212;&#8212;&#8212;&#8212;&#8212;&#8212;&#8212;&#8212;&#8212;<\/p>\n\n\n\n<h4 class=\"wp-block-heading\"><span class=\"has-inline-color has-vivid-red-color\">5\u00aa)<\/span> OPEN EDUCATIONAL RESOURCES\u2019 (OER) AWARENESS IN SECONDARY EDUCATION: EXPERIENCES AND LESSONS LEARNED FROM A COURSE DEDICATED TO OER<\/h4>\n\n\n\n<p><strong><span class=\"has-inline-color has-vivid-red-color\">EDULEARN2020<\/span><\/strong> &#8211; Proceedings&nbsp;<strong>2020-07-07 | conference-paper<\/strong><\/p>\n\n\n\n<p><strong><span class=\"has-inline-color has-luminous-vivid-orange-color\">DOI:<\/span><\/strong> <a href=\"http:\/\/dx.doi.org\/10.21125\/edulearn.2020.1809\" target=\"_blank\" rel=\"noreferrer noopener\"><\/a><a href=\"http:\/\/dx.doi.org\/10.21125\/edulearn.2020.0304\" target=\"_blank\" rel=\"noreferrer noopener\">dx.doi.org\/10.21125\/edulearn.2020.0304<\/a><\/p>\n\n\n\n<p><strong><span class=\"has-inline-color has-vivid-cyan-blue-color\">ISBN:<\/span><\/strong>&nbsp;978-84-09-17979-4<\/p>\n\n\n\n<p><a href=\"#INTED2020 en Mayorca,\"><\/a><a href=\"https:\/\/twitter.com\/hashtag\/edulearn2020?src=hashtag_click\">#INTED2020<\/a> en Mayorca,, Espa\u00f1a, @up2universe , @AtlantTIC_ @uvigo #up2universe, @up2u<\/p>\n\n\n\n<h4 class=\"wp-block-heading\">More details <a href=\"http:\/\/educaenelfuturo.com\/index.php\/edulearn-2020-oer\/\">here, OER Awareness &#8230;<\/a><\/h4>\n\n\n\n<p>&#8212;&#8212;&#8212;&#8212;&#8212;&#8212;&#8212;&#8212;&#8212;&#8212;<\/p>\n\n\n\n<h4 class=\"wp-block-heading\"><span class=\"has-inline-color has-vivid-red-color\">4\u00aa)<\/span> FIRST STEPS OF CREATING AN IMMERSIVE SCENARIO FOR IMPROVING NAVAL<\/h4>\n\n\n\n<p><strong><span class=\"has-inline-color has-vivid-red-color\">ICERI2019<\/span><\/strong> &#8211; Proceedings&nbsp;<strong>2019-11-11 | conference-paper<\/strong><\/p>\n\n\n\n<p><strong><span class=\"has-inline-color has-luminous-vivid-orange-color\">DOI:<\/span><\/strong> <a href=\"http:\/\/dx.doi.org\/10.21125\/edulearn.2020.1809\" target=\"_blank\" rel=\"noreferrer noopener\"><\/a><a href=\"http:\/\/dx.doi.org\/10.21125\/edulearn.2020.0304\" target=\"_blank\" rel=\"noreferrer noopener\"><\/a><a href=\"http:\/\/dx.doi.org\/10.21125\/iceri.2019.0945\" target=\"_blank\" rel=\"noreferrer noopener\">dx.doi.org\/10.21125\/iceri.2019.0945<\/a><\/p>\n\n\n\n<p><strong><span class=\"has-inline-color has-vivid-cyan-blue-color\">ISBN:<\/span><\/strong>&nbsp;978-84-09-14755-7<\/p>\n\n\n\n<p><a href=\"https:\/\/twitter.com\/hashtag\/iceri2019?src=hashtag_click\">#ICERI2019<\/a> en Sevilla, Espa\u00f1a, @up2universe , @AtlantTIC_ @uvigo #up2universe, @up2u<\/p>\n\n\n\n<h4 class=\"wp-block-heading\">More details <a href=\"http:\/\/educaenelfuturo.com\/index.php\/iceri-2019-first-steps-of-creating-an-immersive-scenario-for-improving-naval\/\">here, First Steps &#8230;<\/a><\/h4>\n\n\n\n<p>&#8212;&#8212;&#8212;&#8212;&#8212;&#8212;&#8212;&#8212;&#8212;&#8212;<\/p>\n\n\n\n<h4 class=\"wp-block-heading\"><span class=\"has-inline-color has-vivid-red-color\">3\u00aa)<\/span> UP2U IN THE CLASSROOM<\/h4>\n\n\n\n<p><strong><span class=\"has-inline-color has-vivid-red-color\">ICERI2019<\/span><\/strong> &#8211; Proceedings&nbsp;<strong>2019-11-11 | conference-paper<\/strong><\/p>\n\n\n\n<p><strong><span class=\"has-inline-color has-luminous-vivid-orange-color\">DOI:<\/span><\/strong> <a href=\"http:\/\/dx.doi.org\/10.21125\/edulearn.2020.1809\" target=\"_blank\" rel=\"noreferrer noopener\"><\/a><a href=\"http:\/\/dx.doi.org\/10.21125\/edulearn.2020.0304\" target=\"_blank\" rel=\"noreferrer noopener\"><\/a><a href=\"http:\/\/dx.doi.org\/10.21125\/iceri.2019.0945\" target=\"_blank\" rel=\"noreferrer noopener\"><\/a><a href=\"http:\/\/dx.doi.org\/10.21125\/iceri.2019.2339\" target=\"_blank\" rel=\"noreferrer noopener\">dx.doi.org\/10.21125\/iceri.2019.2339<\/a><\/p>\n\n\n\n<p><strong><span class=\"has-inline-color has-vivid-cyan-blue-color\">ISBN:<\/span><\/strong>&nbsp;978-84-09-14755-7<\/p>\n\n\n\n<p><a href=\"https:\/\/twitter.com\/hashtag\/inted2019?src=hashtag_click\"><\/a><a href=\"https:\/\/twitter.com\/hashtag\/iceri2019?src=hashtag_click\">#ICERI2019<\/a> en Sevilla, Espa\u00f1a, @up2universe , @AtlantTIC_ @uvigo #up2universe, @up2u<\/p>\n\n\n\n<h4 class=\"wp-block-heading\">More details <a href=\"http:\/\/educaenelfuturo.com\/index.php\/iceri2019-up2u-in-the-classroom\/\">here, UP2U in the Classroom &#8230;<\/a><\/h4>\n\n\n\n<p>&#8212;&#8212;&#8212;&#8212;&#8212;&#8212;&#8212;&#8212;&#8212;&#8212;<\/p>\n\n\n\n<h4 class=\"wp-block-heading\"><span class=\"has-inline-color has-vivid-red-color\">2\u00aa) <\/span>GOOD PRACTICES ADOPTING COPYRIGHT FOR CREATING AND REUSING OER IN NGDLE ENVIRONMENT<\/h4>\n\n\n\n<p><strong><span class=\"has-inline-color has-vivid-red-color\">INTED2019<\/span><\/strong> &#8211; Proceedings&nbsp;<strong>2019-03-14 | conference-paper<\/strong><\/p>\n\n\n\n<p><strong><span class=\"has-inline-color has-luminous-vivid-orange-color\">DOI:<\/span><\/strong> <a href=\"http:\/\/dx.doi.org\/10.21125\/edulearn.2020.1809\" target=\"_blank\" rel=\"noreferrer noopener\"><\/a><a href=\"http:\/\/dx.doi.org\/10.21125\/edulearn.2020.0304\" target=\"_blank\" rel=\"noreferrer noopener\"><\/a><a href=\"http:\/\/dx.doi.org\/10.21125\/iceri.2019.0945\" target=\"_blank\" rel=\"noreferrer noopener\"><\/a><a href=\"http:\/\/dx.doi.org\/10.21125\/iceri.2019.2339\" target=\"_blank\" rel=\"noreferrer noopener\"><\/a><a href=\"http:\/\/dx.doi.org\/10.21125\/inted.2019.1359\" target=\"_blank\" rel=\"noreferrer noopener\">dx.doi.org\/10.21125\/inted.2019.1359<\/a><\/p>\n\n\n\n<p><strong><span class=\"has-inline-color has-vivid-cyan-blue-color\">ISBN:<\/span><\/strong>&nbsp;978-84-09-08619-1<\/p>\n\n\n\n<p><a href=\"https:\/\/twitter.com\/hashtag\/INTED2019?src=hashtag_click\"><\/a><a href=\"https:\/\/twitter.com\/hashtag\/inted2019?src=hashtag_click\">#INTED2019<\/a> en Valencia, Espa\u00f1a, @up2universe , @AtlantTIC_ @uvigo #up2universe, @up2u<\/p>\n\n\n\n<figure class=\"wp-block-image size-large\"><img loading=\"lazy\" decoding=\"async\" width=\"1024\" height=\"586\" src=\"http:\/\/educaenelfuturo.com\/wp-content\/uploads\/2021\/03\/INTED2019_v2-1024x586.png\" alt=\"INTED 2019\" class=\"wp-image-764\" srcset=\"https:\/\/educaenelfuturo.com\/wp-content\/uploads\/2021\/03\/INTED2019_v2-1024x586.png 1024w, https:\/\/educaenelfuturo.com\/wp-content\/uploads\/2021\/03\/INTED2019_v2-300x172.png 300w, https:\/\/educaenelfuturo.com\/wp-content\/uploads\/2021\/03\/INTED2019_v2-768x439.png 768w, https:\/\/educaenelfuturo.com\/wp-content\/uploads\/2021\/03\/INTED2019_v2-600x343.png 600w, https:\/\/educaenelfuturo.com\/wp-content\/uploads\/2021\/03\/INTED2019_v2.png 1425w\" sizes=\"auto, (max-width: 1024px) 100vw, 1024px\" \/><figcaption>INTED 2019 NGDLE UP2U<\/figcaption><\/figure>\n\n\n\n<h4 class=\"wp-block-heading\">More details <a href=\"http:\/\/educaenelfuturo.com\/index.php\/inted2019-good-practices-adopting-copyright-for-creating-and-reusing-oer-in-ngdle-environment\/\">here, Good practices adopting Copyright &#8230;<\/a><\/h4>\n\n\n\n<p>&#8212;&#8212;&#8212;&#8212;&#8212;&#8212;&#8212;&#8212;&#8212;&#8212;<\/p>\n\n\n\n<h4 class=\"wp-block-heading\"><span class=\"has-inline-color has-vivid-red-color\">1\u00aa) <\/span>FACILITATING CURATION OF OPEN EDUCATIONAL RESOURCES THROUGH THE USE OF AN APPLICATION-LINKED REPOSITORY<\/h4>\n\n\n\n<p><strong><span class=\"has-inline-color has-vivid-red-color\">INTED2018<\/span><\/strong> &#8211; Proceedings&nbsp;<strong>2019-03-09 | conference-paper<\/strong><\/p>\n\n\n\n<p><strong><span class=\"has-inline-color has-luminous-vivid-orange-color\">DOI:<\/span><\/strong> <a href=\"http:\/\/dx.doi.org\/10.21125\/edulearn.2020.1809\" target=\"_blank\" rel=\"noreferrer noopener\"><\/a><a href=\"http:\/\/dx.doi.org\/10.21125\/edulearn.2020.0304\" target=\"_blank\" rel=\"noreferrer noopener\"><\/a><a href=\"http:\/\/dx.doi.org\/10.21125\/iceri.2019.0945\" target=\"_blank\" rel=\"noreferrer noopener\"><\/a><a href=\"http:\/\/dx.doi.org\/10.21125\/iceri.2019.2339\" target=\"_blank\" rel=\"noreferrer noopener\"><\/a><a href=\"http:\/\/dx.doi.org\/10.21125\/inted.2018.0190\" target=\"_blank\" rel=\"noreferrer noopener\">dx.doi.org\/10.21125\/inted.2018.0190<\/a><\/p>\n\n\n\n<p><strong><span class=\"has-inline-color has-vivid-cyan-blue-color\">ISBN:<\/span><\/strong>&nbsp;978-84-697-9480-7<\/p>\n\n\n\n<p><a href=\"https:\/\/twitter.com\/hashtag\/INTED2018?src=hashtag_click\">#INTED2018<\/a> en Valencia, Espa\u00f1a, @Up2U_Project , @AtlantTIC_ @uvigo<\/p>\n\n\n\n<p><a href=\"https:\/\/twitter.com\/ivanoterolalin\/status\/970606012599296001\/photo\/1\">https:\/\/twitter.com\/ivanoterolalin\/status\/970606012599296001\/photo\/1<\/a><\/p>\n\n\n\n<figure class=\"wp-block-image size-large is-style-default\"><img loading=\"lazy\" decoding=\"async\" width=\"491\" height=\"396\" src=\"http:\/\/educaenelfuturo.com\/wp-content\/uploads\/2021\/03\/INTED2018.png\" alt=\"Paper Inted 2018\" class=\"wp-image-757\" srcset=\"https:\/\/educaenelfuturo.com\/wp-content\/uploads\/2021\/03\/INTED2018.png 491w, https:\/\/educaenelfuturo.com\/wp-content\/uploads\/2021\/03\/INTED2018-300x242.png 300w\" sizes=\"auto, (max-width: 491px) 100vw, 491px\" \/><figcaption>INTED 2018<\/figcaption><\/figure>\n\n\n\n<h4 class=\"wp-block-heading\">More details <a href=\"http:\/\/educaenelfuturo.com\/index.php\/inted2018-facilitating-curation-of-open-educational-resources-through-the-use-of-an-application-linked-repository\/\">here, Facilitating curation of OER &#8230;<\/a><\/h4>\n","protected":false},"excerpt":{"rendered":"<p>&#8212;&#8212;&#8212;&#8212;&#8212;&#8212;&#8212;&#8212;&#8212;&#8212; 16\u00aa) Surfeando la ola de la desinformaci\u00f3n y la salud mental con agentes convencionales &#8212;&#8212;&#8212;&#8212;&#8212;&#8212;&#8212;&#8212;&#8212;&#8212; 16\u00aa) Surfeando la ola de la desinformaci\u00f3n y la salud mental con agentes convencionales Enlace web: link ISBN: 978-84-7074-739-7 ResearchGate: &#8212;&#8212;&#8212;&#8212;&#8212;&#8212;&#8212;&#8212;&#8212;&#8212; 15\u00aa) Oral vs. Touch Interaction for Cognitive Assessment: Acceptance and Perceived Usability by Senior Adults Electronics DOI: https:\/\/doi.org\/10.3390\/electronics13010013 <a class=\"more-link\" href=\"https:\/\/educaenelfuturo.com\/index.php\/publications\/\">Leer m\u00e1s &#8230;<\/a><\/p>\n","protected":false},"author":1,"featured_media":0,"parent":0,"menu_order":0,"comment_status":"closed","ping_status":"closed","template":"","meta":{"_exactmetrics_skip_tracking":false,"_exactmetrics_sitenote_active":false,"_exactmetrics_sitenote_note":"","_exactmetrics_sitenote_category":0,"footnotes":""},"class_list":["post-58","page","type-page","status-publish","hentry"],"aioseo_notices":[],"_links":{"self":[{"href":"https:\/\/educaenelfuturo.com\/index.php\/wp-json\/wp\/v2\/pages\/58","targetHints":{"allow":["GET"]}}],"collection":[{"href":"https:\/\/educaenelfuturo.com\/index.php\/wp-json\/wp\/v2\/pages"}],"about":[{"href":"https:\/\/educaenelfuturo.com\/index.php\/wp-json\/wp\/v2\/types\/page"}],"author":[{"embeddable":true,"href":"https:\/\/educaenelfuturo.com\/index.php\/wp-json\/wp\/v2\/users\/1"}],"replies":[{"embeddable":true,"href":"https:\/\/educaenelfuturo.com\/index.php\/wp-json\/wp\/v2\/comments?post=58"}],"version-history":[{"count":71,"href":"https:\/\/educaenelfuturo.com\/index.php\/wp-json\/wp\/v2\/pages\/58\/revisions"}],"predecessor-version":[{"id":1062,"href":"https:\/\/educaenelfuturo.com\/index.php\/wp-json\/wp\/v2\/pages\/58\/revisions\/1062"}],"wp:attachment":[{"href":"https:\/\/educaenelfuturo.com\/index.php\/wp-json\/wp\/v2\/media?parent=58"}],"curies":[{"name":"wp","href":"https:\/\/api.w.org\/{rel}","templated":true}]}}